{"id":6303,"date":"2025-12-08T14:50:48","date_gmt":"2025-12-08T05:50:48","guid":{"rendered":"https:\/\/www.katakori-youtsu.com\/?page_id=6303"},"modified":"2025-12-23T17:35:01","modified_gmt":"2025-12-23T08:35:01","slug":"todo","status":"publish","type":"page","link":"https:\/\/www.katakori-youtsu.com\/en\/staff\/todo\/","title":{"rendered":"Tatsuya Todo"},"content":{"rendered":"<div id=\"sgb-css-id-1\" style=\"--sgb--custom--bottom-color: #c3c3c3;\">\n<h2 class=\"wp-block-sgb-headings sgb-heading kiwi-maru\" id=\"i-0\"><span class=\"sgb-heading__inner sgb-heading--type1\" style=\"background-color:transparent;border-color:transparent;font-size:1.6em\"><span class=\"sgb-heading__text\" style=\"color:#333\">Tatsuya Todo<\/span><\/span><\/h2>\n<\/div>\n\n\n<div class=\"wp-block-columns is-layout-flex wp-container-core-columns-is-layout-28f84493 wp-block-columns-is-layout-flex\">\n<div class=\"wp-block-column is-layout-flow wp-block-column-is-layout-flow\" style=\"flex-basis:33.33%\">\n<figure class=\"wp-block-image size-full\"><img loading=\"lazy\" decoding=\"async\" width=\"500\" height=\"500\" src=\"https:\/\/www.katakori-youtsu.com\/cms\/wp-content\/uploads\/2025\/03\/staff_todo.jpg\" alt=\"\" class=\"wp-image-543\" srcset=\"https:\/\/www.katakori-youtsu.com\/cms\/wp-content\/uploads\/2025\/03\/staff_todo.jpg 500w, https:\/\/www.katakori-youtsu.com\/cms\/wp-content\/uploads\/2025\/03\/staff_todo-300x300.jpg 300w, https:\/\/www.katakori-youtsu.com\/cms\/wp-content\/uploads\/2025\/03\/staff_todo-400x400.jpg 400w, https:\/\/www.katakori-youtsu.com\/cms\/wp-content\/uploads\/2025\/03\/staff_todo-160x160.jpg 160w\" sizes=\"auto, (max-width: 500px) 100vw, 500px\"><\/figure>\n<\/div>\n\n\n\n<div class=\"wp-block-column is-layout-flow wp-block-column-is-layout-flow\" style=\"flex-basis:66.66%\">\n<p><span class=\"small-maru-label-accent\">Directly addressing the root cause of pain<\/span> <span class=\"small-maru-label-accent\">Showa-era orthodox style<\/span> <span class=\"small-maru-label-accent\">No holding back\u2014even if it hurts<\/span><\/p>\n\n\n<div style=\"--sgb-list-border-color: none;\"><div id=\"sgb-css-id-2\">\n<ul class=\"wp-block-list is-style-sango-list-check\">\n<li>Graduated from RMIT University, Japan Campus<\/li>\n\n\n\n<li>Bachelor of Chiropractic Science (B.C.Sc.)<\/li>\n\n\n\n<li>Bachelor of Applied Science (B.App.Sc.)<\/li>\n<\/ul>\n<\/div><\/div>\n\n<div id=\"sgb-css-id-3\">\n<div class=\"wp-block-sgb-message\"><div class=\"memo sng-shadow-0\" style=\"border-radius:6px;background-color:var(--sgb-pastel-color);color:var(--sgb-main-color)\"><div class=\"memo_ttl dfont\"><span class=\"sng-box-msg__icon\" style=\"background:var(--sgb-main-color)\"><i class=\"fas fa-pencil-alt\"><\/i><\/span><div class=\"sng-box-msg__title\"><\/div><\/div><div class=\"sng-box-msg__contents\">\n<p>Hearing a patient say <em>\u201cthank you\u201d<\/em> has been my greatest joy throughout more than 30 years as a practitioner. Now in my mid-50s, I\u2019ve begun to experience my own physical aches and limitations. In a way, this has deepened my understanding of my patients\u2019 pain and struggles, allowing me to truly empathize with them. As a result, I feel more fulfilled than ever in my role as a healer.<\/p>\n\n\n\n<p>Drawing on the many years of experience I\u2019ve gained from treating countless patients, I promise never to give up on any condition. I will always do my utmost to deliver effective results. Thank you for entrusting me with your care.<\/p>\n<\/div><\/div><\/div>\n<\/div><\/div>\n<\/div>\n\n\n<div id=\"sgb-css-id-7\" style=\"--sgb--custom--box-radius: 6;\">\n<div class=\"wp-block-sgb-full-bg alignfull\"><div class=\"sgb-full-bg\" style=\"margin-top:2rem;margin-bottom:2rem;padding-top:4.8rem;padding-bottom:4.8rem\"><div class=\"sgb-full-bg__cover alignfull\" style=\"background-color:#fafafa\"><\/div><div class=\"sgb-full-bg__shade\" style=\"background-color:rgba(0, 0, 0, 0)\"><\/div><div class=\"sgb-full-bg__content\">\n<div class=\"wp-block-columns is-layout-flex wp-container-core-columns-is-layout-28f84493 wp-block-columns-is-layout-flex\">\n<div class=\"wp-block-column is-layout-flow wp-block-column-is-layout-flow\" style=\"padding-top:1.8em;padding-right:1.8em;padding-bottom:1.8em;padding-left:1.8em\"><div id=\"sgb-css-id-4\" style=\"--sgb--custom--custom-icon: fas fa-mug-hot;--sgb--custom--icon-size: 31;--sgb--custom--icon-padding: 2.2;--sgb--custom--icon-color: #FFF;--sgb--custom--icbg-color: var(--sgb-main-color);--sgb--custom--box-radius: 50;--sgb--custom--box-margin: 1;--sgb--custom--box-shadow: none;--sgb--custom--icon-locate: center;\">\n<div class=\"wp-block-sgb-custom\"><div><div class=\"cicon\"><i class=\"fas fa-mug-hot fa-fw\" aria-hidden=\"true\" style=\"width: calc(var(--sgb--custom--icon-size,1)* 2.2px); height: calc(var(--sgb--custom--icon-size,1)* 2.2px);\"><\/i><\/div><\/div><\/div>\n<\/div>\n\n\n<p class=\"wp-block-sgb-headings sgb-heading\"><span class=\"sgb-heading__inner sgb-heading--type1 sgb-heading__inner--center\" style=\"background-color:transparent;border-color:transparent;font-size:1.2em;text-align:center\"><span class=\"sgb-heading__text\" style=\"color:#333\">Hobbies<\/span><\/span><\/p>\n\n\n\n<p>I enjoy fishing\u2014<em>ayu<\/em> in the rivers during summer, and boat fishing in the sea during the rest of the year. My motto is \u201ccatch &amp; eat,\u201d so I only take what I plan to eat. Of course, I also love cooking the fish I catch.<\/p>\n<\/div>\n\n\n\n<div class=\"wp-block-column is-layout-flow wp-block-column-is-layout-flow\" style=\"padding-top:1.8em;padding-right:1.8em;padding-bottom:1.8em;padding-left:1.8em\"><div id=\"sgb-css-id-5\" style=\"--sgb--custom--custom-icon: fas fa-child;--sgb--custom--icon-size: 31;--sgb--custom--icon-padding: 2.2;--sgb--custom--icon-color: #FFF;--sgb--custom--icbg-color: var(--sgb-main-color);--sgb--custom--box-radius: 50;--sgb--custom--box-margin: 1;--sgb--custom--box-shadow: none;--sgb--custom--icon-locate: center;\">\n<div class=\"wp-block-sgb-custom\"><div><div class=\"cicon\"><i class=\"fas fa-child fa-fw\" aria-hidden=\"true\" style=\"width: calc(var(--sgb--custom--icon-size,1)* 2.2px); height: calc(var(--sgb--custom--icon-size,1)* 2.2px);\"><\/i><\/div><\/div><\/div>\n<\/div>\n\n\n<p class=\"wp-block-sgb-headings sgb-heading\"><span class=\"sgb-heading__inner sgb-heading--type1 sgb-heading__inner--center\" style=\"background-color:transparent;border-color:transparent;font-size:1.2em;text-align:center\"><span class=\"sgb-heading__text\" style=\"color:#333\">Special Skills<\/span><\/span><\/p>\n\n\n\n<p>I can work and play to the limits of my stamina, then fall asleep anywhere and recharge in just five minutes.<\/p>\n<\/div>\n\n\n\n<div class=\"wp-block-column is-layout-flow wp-block-column-is-layout-flow\" style=\"padding-top:1.8em;padding-right:1.8em;padding-bottom:1.8em;padding-left:1.8em\"><div id=\"sgb-css-id-6\" style=\"--sgb--custom--custom-icon: fas fa-heart;--sgb--custom--icon-size: 31;--sgb--custom--icon-padding: 2.2;--sgb--custom--icon-color: #FFF;--sgb--custom--icbg-color: var(--sgb-main-color);--sgb--custom--box-radius: 50;--sgb--custom--box-margin: 1;--sgb--custom--box-shadow: none;--sgb--custom--icon-locate: center;\">\n<div class=\"wp-block-sgb-custom\"><div><div class=\"cicon\"><i class=\"fas fa-heart fa-fw\" aria-hidden=\"true\" style=\"width: calc(var(--sgb--custom--icon-size,1)* 2.2px); height: calc(var(--sgb--custom--icon-size,1)* 2.2px);\"><\/i><\/div><\/div><\/div>\n<\/div>\n\n\n<p class=\"wp-block-sgb-headings sgb-heading\"><span class=\"sgb-heading__inner sgb-heading--type1 sgb-heading__inner--center\" style=\"background-color:transparent;border-color:transparent;font-size:1.2em;text-align:center\"><span class=\"sgb-heading__text\" style=\"color:#333\">Things I Like<\/span><\/span><\/p>\n\n\n\n<p>\u30fbMy family<br>\u30fbHot springs<br>\u30fbClear streams and waterfalls<br>\u30fbThe TV show <em>How Do You Like Wednesday?<\/em> (<em>Suiy\u014d D\u014ddesh\u014d<\/em>)<\/p>\n<\/div>\n<\/div>\n<\/div><\/div><\/div>\n<\/div>\n\n\n<div class=\"wp-block-columns is-layout-flex wp-container-core-columns-is-layout-28f84493 wp-block-columns-is-layout-flex\">\n<div class=\"wp-block-column is-layout-flow wp-block-column-is-layout-flow\" style=\"flex-basis:20%\"><\/div>\n\n\n\n<div class=\"wp-block-column is-layout-flow wp-block-column-is-layout-flow\" style=\"flex-basis:50%\"><div id=\"sgb-css-id-8\" style=\"--sgb--custom--bd-width: 1;--sgb--custom--bd-color: #333;\">\n<h4 class=\"wp-block-sgb-headings sgb-heading\" id=\"i-1\"><span class=\"sgb-heading__inner sgb-heading--type1 sgb-heading__inner--center\" style=\"background-color:transparent;border-color:transparent;font-size:1.3em;text-align:center\"><span class=\"sgb-heading__text\" style=\"color:#333\">Hometown<\/span><\/span><\/h4>\n<\/div>\n\n\n<p>Higashiyodogawa Ward, Osaka City, Osaka Prefecture<\/p>\n\n\n<div id=\"sgb-css-id-9\" style=\"--sgb--custom--bd-width: 1;--sgb--custom--bd-color: #333;\">\n<h4 class=\"wp-block-sgb-headings sgb-heading\" id=\"i-2\"><span class=\"sgb-heading__inner sgb-heading--type1 sgb-heading__inner--center\" style=\"background-color:transparent;border-color:transparent;font-size:1.3em;text-align:center\"><span class=\"sgb-heading__text\" style=\"color:#333\">Education<\/span><\/span><\/h4>\n<\/div>\n\n\n<p><br>RMIT University Japan Campus (now Tokyo College of Chiropractic)<\/p>\n\n\n<div id=\"sgb-css-id-10\" style=\"--sgb--custom--bd-width: 1;--sgb--custom--bd-color: #333;\">\n<h4 class=\"wp-block-sgb-headings sgb-heading\" id=\"i-3\"><span class=\"sgb-heading__inner sgb-heading--type1 sgb-heading__inner--center\" style=\"background-color:transparent;border-color:transparent;font-size:1.3em;text-align:center\"><span class=\"sgb-heading__text\" style=\"color:#333\">Background<\/span><\/span><\/h4>\n<\/div>\n\n\n<p><br>I chose to become a practitioner because I wanted to dedicate my life to helping others.<\/p>\n\n\n\n<p>When I was a child, my mother was often unwell. The atmosphere at home was always heavy, and I grew up constantly trying not to add to her burden. I know firsthand that chronic conditions like stiff shoulders or back pain cause suffering not only for the individual, but also for their family. Those experiences left lasting feelings of sadness. That is why I truly believe that by relieving shoulder and back pain, I can make a real difference in people\u2019s lives.<\/p>\n<\/div>\n\n\n\n<div class=\"wp-block-column is-layout-flow wp-block-column-is-layout-flow\" style=\"flex-basis:20%\"><\/div>\n<\/div>\n\n\n<div id=\"sgb-css-id-24\" style=\"--sgb--custom--animation-style: fadeIn ease;--sgb--custom--animation-speed: 1.4;--sgb--custom--animation-delay: 1;\">\n<div class=\"wp-block-sgb-custom-group\">\n<div class=\"wp-block-query is-layout-flow wp-block-query-is-layout-flow\">\n<div class=\"wp-block-sgb-full-bg alignfull\"><div class=\"sgb-full-bg\" style=\"margin-top:2rem;margin-bottom:2rem;padding-top:3rem;padding-bottom:3rem\"><div class=\"sgb-full-bg__cover alignfull\" style=\"background-color:var(--sgb-pastel-color)\"><\/div><div class=\"sgb-full-bg__shade\" style=\"background-color:rgba(0, 0, 0, 0)\"><\/div><div class=\"sgb-full-bg__content\"><ul class=\"columns-6 wp-block-post-template is-layout-grid wp-container-core-post-template-is-layout-63d9e32e wp-block-post-template-is-layout-grid\"><li class=\"wp-block-post post-6306 page type-page status-publish has-post-thumbnail en-US entry\">\n<div id=\"sgb-css-id-11\"><figure class=\"alignwide wp-block-post-featured-image\"><a href=\"https:\/\/www.katakori-youtsu.com\/en\/staff\/taguchi\/\" target=\"_self\"><img loading=\"lazy\" decoding=\"async\" width=\"800\" height=\"463\" src=\"https:\/\/www.katakori-youtsu.com\/cms\/wp-content\/uploads\/2025\/03\/thumb_taguchi.jpg\" class=\"attachment-post-thumbnail size-post-thumbnail wp-post-image\" alt=\"Satsuki Taguchi\" style=\"border-top-left-radius:2px;border-top-right-radius:2px;border-bottom-left-radius:2px;border-bottom-right-radius:2px;object-fit:cover;\" srcset=\"https:\/\/www.katakori-youtsu.com\/cms\/wp-content\/uploads\/2025\/03\/thumb_taguchi.jpg 800w, https:\/\/www.katakori-youtsu.com\/cms\/wp-content\/uploads\/2025\/03\/thumb_taguchi-600x347.jpg 600w, https:\/\/www.katakori-youtsu.com\/cms\/wp-content\/uploads\/2025\/03\/thumb_taguchi-768x444.jpg 768w, https:\/\/www.katakori-youtsu.com\/cms\/wp-content\/uploads\/2025\/03\/thumb_taguchi-520x300.jpg 520w\" sizes=\"auto, (max-width: 800px) 100vw, 800px\"><\/a><\/figure><\/div>\n\n<div id=\"sgb-css-id-12\"><h4 class=\"has-link-color wp-elements-1b11df92bec5a11faf7906b43f1a38e8 wp-block-post-title has-text-color has-sango-main-color has-small-font-size\" id=\"i-4\"><a href=\"https:\/\/www.katakori-youtsu.com\/en\/staff\/taguchi\/\" target=\"_self\">Satsuki Taguchi<\/a><\/h4><\/div>\n\n<div class=\"wp-block-post-excerpt has-small-font-size\"><p class=\"wp-block-post-excerpt__excerpt\">Relief from golf-related injuries Re-energize a body th\u2026<\/p><p class=\"wp-block-post-excerpt__more-text\"><a class=\"wp-block-post-excerpt__more-link\" href=\"https:\/\/www.katakori-youtsu.com\/en\/staff\/taguchi\/\">Read More<\/a><\/p><\/div>\n<\/li><li class=\"wp-block-post post-6303 page type-page status-publish has-post-thumbnail en-US entry\">\n<div id=\"sgb-css-id-13\"><figure class=\"alignwide wp-block-post-featured-image\"><a href=\"https:\/\/www.katakori-youtsu.com\/en\/staff\/todo\/\" target=\"_self\"><img loading=\"lazy\" decoding=\"async\" width=\"800\" height=\"463\" src=\"https:\/\/www.katakori-youtsu.com\/cms\/wp-content\/uploads\/2025\/03\/thumb_todo.jpg\" class=\"attachment-post-thumbnail size-post-thumbnail wp-post-image\" alt=\"Tatsuya Todo\" style=\"border-top-left-radius:2px;border-top-right-radius:2px;border-bottom-left-radius:2px;border-bottom-right-radius:2px;object-fit:cover;\" srcset=\"https:\/\/www.katakori-youtsu.com\/cms\/wp-content\/uploads\/2025\/03\/thumb_todo.jpg 800w, https:\/\/www.katakori-youtsu.com\/cms\/wp-content\/uploads\/2025\/03\/thumb_todo-600x347.jpg 600w, https:\/\/www.katakori-youtsu.com\/cms\/wp-content\/uploads\/2025\/03\/thumb_todo-768x444.jpg 768w, https:\/\/www.katakori-youtsu.com\/cms\/wp-content\/uploads\/2025\/03\/thumb_todo-520x300.jpg 520w\" sizes=\"auto, (max-width: 800px) 100vw, 800px\"><\/a><\/figure><\/div>\n\n<div id=\"sgb-css-id-14\"><h4 class=\"has-link-color wp-elements-1b11df92bec5a11faf7906b43f1a38e8 wp-block-post-title has-text-color has-sango-main-color has-small-font-size\" id=\"i-5\"><a href=\"https:\/\/www.katakori-youtsu.com\/en\/staff\/todo\/\" target=\"_self\">Tatsuya Todo<\/a><\/h4><\/div>\n\n<div class=\"wp-block-post-excerpt has-small-font-size\"><p class=\"wp-block-post-excerpt__excerpt\">Directly addressing the root cause of pain Showa-era or\u2026<\/p><p class=\"wp-block-post-excerpt__more-text\"><a class=\"wp-block-post-excerpt__more-link\" href=\"https:\/\/www.katakori-youtsu.com\/en\/staff\/todo\/\">Read More<\/a><\/p><\/div>\n<\/li><li class=\"wp-block-post post-6298 page type-page status-publish has-post-thumbnail en-US entry\">\n<div id=\"sgb-css-id-15\"><figure class=\"alignwide wp-block-post-featured-image\"><a href=\"https:\/\/www.katakori-youtsu.com\/en\/staff\/matsunaga\/\" target=\"_self\"><img loading=\"lazy\" decoding=\"async\" width=\"800\" height=\"463\" src=\"https:\/\/www.katakori-youtsu.com\/cms\/wp-content\/uploads\/2025\/03\/thumb_matsunaga.jpg\" class=\"attachment-post-thumbnail size-post-thumbnail wp-post-image\" alt=\"Michiko Matsunaga\" style=\"border-top-left-radius:2px;border-top-right-radius:2px;border-bottom-left-radius:2px;border-bottom-right-radius:2px;object-fit:cover;\" srcset=\"https:\/\/www.katakori-youtsu.com\/cms\/wp-content\/uploads\/2025\/03\/thumb_matsunaga.jpg 800w, https:\/\/www.katakori-youtsu.com\/cms\/wp-content\/uploads\/2025\/03\/thumb_matsunaga-600x347.jpg 600w, https:\/\/www.katakori-youtsu.com\/cms\/wp-content\/uploads\/2025\/03\/thumb_matsunaga-768x444.jpg 768w, https:\/\/www.katakori-youtsu.com\/cms\/wp-content\/uploads\/2025\/03\/thumb_matsunaga-520x300.jpg 520w\" sizes=\"auto, (max-width: 800px) 100vw, 800px\"><\/a><\/figure><\/div>\n\n<div id=\"sgb-css-id-16\"><h4 class=\"has-link-color wp-elements-1b11df92bec5a11faf7906b43f1a38e8 wp-block-post-title has-text-color has-sango-main-color has-small-font-size\" id=\"i-6\"><a href=\"https:\/\/www.katakori-youtsu.com\/en\/staff\/matsunaga\/\" target=\"_self\">Michiko Matsunaga<\/a><\/h4><\/div>\n\n<div class=\"wp-block-post-excerpt has-small-font-size\"><p class=\"wp-block-post-excerpt__excerpt\">Pre- and postnatal care Support for women\u2019s unique heal\u2026<\/p><p class=\"wp-block-post-excerpt__more-text\"><a class=\"wp-block-post-excerpt__more-link\" href=\"https:\/\/www.katakori-youtsu.com\/en\/staff\/matsunaga\/\">Read More<\/a><\/p><\/div>\n<\/li><li class=\"wp-block-post post-6316 page type-page status-publish has-post-thumbnail en-US entry\">\n<div id=\"sgb-css-id-17\"><figure class=\"alignwide wp-block-post-featured-image\"><a href=\"https:\/\/www.katakori-youtsu.com\/en\/staff\/sugaya\/\" target=\"_self\"><img loading=\"lazy\" decoding=\"async\" width=\"800\" height=\"463\" src=\"https:\/\/www.katakori-youtsu.com\/cms\/wp-content\/uploads\/2025\/03\/thumb_sugaya.jpg\" class=\"attachment-post-thumbnail size-post-thumbnail wp-post-image\" alt=\"Yoshiyuki Sugaya\" style=\"border-top-left-radius:2px;border-top-right-radius:2px;border-bottom-left-radius:2px;border-bottom-right-radius:2px;object-fit:cover;\" srcset=\"https:\/\/www.katakori-youtsu.com\/cms\/wp-content\/uploads\/2025\/03\/thumb_sugaya.jpg 800w, https:\/\/www.katakori-youtsu.com\/cms\/wp-content\/uploads\/2025\/03\/thumb_sugaya-600x347.jpg 600w, https:\/\/www.katakori-youtsu.com\/cms\/wp-content\/uploads\/2025\/03\/thumb_sugaya-768x444.jpg 768w, https:\/\/www.katakori-youtsu.com\/cms\/wp-content\/uploads\/2025\/03\/thumb_sugaya-520x300.jpg 520w\" sizes=\"auto, (max-width: 800px) 100vw, 800px\"><\/a><\/figure><\/div>\n\n<div id=\"sgb-css-id-18\"><h4 class=\"has-link-color wp-elements-1b11df92bec5a11faf7906b43f1a38e8 wp-block-post-title has-text-color has-sango-main-color has-small-font-size\" id=\"i-7\"><a href=\"https:\/\/www.katakori-youtsu.com\/en\/staff\/sugaya\/\" target=\"_self\">Yoshiyuki Sugaya<\/a><\/h4><\/div>\n\n<div class=\"wp-block-post-excerpt has-small-font-size\"><p class=\"wp-block-post-excerpt__excerpt\">For Pelvic Misalignment and Imbalance Improve rounded s\u2026<\/p><p class=\"wp-block-post-excerpt__more-text\"><a class=\"wp-block-post-excerpt__more-link\" href=\"https:\/\/www.katakori-youtsu.com\/en\/staff\/sugaya\/\">Read More<\/a><\/p><\/div>\n<\/li><li class=\"wp-block-post post-6312 page type-page status-publish has-post-thumbnail en-US entry\">\n<div id=\"sgb-css-id-19\"><figure class=\"alignwide wp-block-post-featured-image\"><a href=\"https:\/\/www.katakori-youtsu.com\/en\/staff\/sakatoku\/\" target=\"_self\"><img loading=\"lazy\" decoding=\"async\" width=\"800\" height=\"463\" src=\"https:\/\/www.katakori-youtsu.com\/cms\/wp-content\/uploads\/2025\/03\/thumb_sakatoku-1.jpg\" class=\"attachment-post-thumbnail size-post-thumbnail wp-post-image\" alt=\"Tatsuhiro Sakatoku\" style=\"border-top-left-radius:2px;border-top-right-radius:2px;border-bottom-left-radius:2px;border-bottom-right-radius:2px;object-fit:cover;\" srcset=\"https:\/\/www.katakori-youtsu.com\/cms\/wp-content\/uploads\/2025\/03\/thumb_sakatoku-1.jpg 800w, https:\/\/www.katakori-youtsu.com\/cms\/wp-content\/uploads\/2025\/03\/thumb_sakatoku-1-600x347.jpg 600w, https:\/\/www.katakori-youtsu.com\/cms\/wp-content\/uploads\/2025\/03\/thumb_sakatoku-1-768x444.jpg 768w, https:\/\/www.katakori-youtsu.com\/cms\/wp-content\/uploads\/2025\/03\/thumb_sakatoku-1-520x300.jpg 520w\" sizes=\"auto, (max-width: 800px) 100vw, 800px\"><\/a><\/figure><\/div>\n\n<div id=\"sgb-css-id-20\"><h4 class=\"has-link-color wp-elements-1b11df92bec5a11faf7906b43f1a38e8 wp-block-post-title has-text-color has-sango-main-color has-small-font-size\" id=\"i-8\"><a href=\"https:\/\/www.katakori-youtsu.com\/en\/staff\/sakatoku\/\" target=\"_self\">Tatsuhiro Sakatoku<\/a><\/h4><\/div>\n\n<div class=\"wp-block-post-excerpt has-small-font-size\"><p class=\"wp-block-post-excerpt__excerpt\">For Pelvic Misalignment and Imbalance Improve rounded s\u2026<\/p><p class=\"wp-block-post-excerpt__more-text\"><a class=\"wp-block-post-excerpt__more-link\" href=\"https:\/\/www.katakori-youtsu.com\/en\/staff\/sakatoku\/\">Read More<\/a><\/p><\/div>\n<\/li><li class=\"wp-block-post post-6309 page type-page status-publish has-post-thumbnail en-US entry\">\n<div id=\"sgb-css-id-21\"><figure class=\"alignwide wp-block-post-featured-image\"><a href=\"https:\/\/www.katakori-youtsu.com\/en\/staff\/watanabe\/\" target=\"_self\"><img loading=\"lazy\" decoding=\"async\" width=\"800\" height=\"463\" src=\"https:\/\/www.katakori-youtsu.com\/cms\/wp-content\/uploads\/2025\/03\/thumb_watanabe.jpg\" class=\"attachment-post-thumbnail size-post-thumbnail wp-post-image\" alt=\"Taiji Watanabe\" style=\"border-top-left-radius:2px;border-top-right-radius:2px;border-bottom-left-radius:2px;border-bottom-right-radius:2px;object-fit:cover;\" srcset=\"https:\/\/www.katakori-youtsu.com\/cms\/wp-content\/uploads\/2025\/03\/thumb_watanabe.jpg 800w, https:\/\/www.katakori-youtsu.com\/cms\/wp-content\/uploads\/2025\/03\/thumb_watanabe-600x347.jpg 600w, https:\/\/www.katakori-youtsu.com\/cms\/wp-content\/uploads\/2025\/03\/thumb_watanabe-768x444.jpg 768w, https:\/\/www.katakori-youtsu.com\/cms\/wp-content\/uploads\/2025\/03\/thumb_watanabe-520x300.jpg 520w\" sizes=\"auto, (max-width: 800px) 100vw, 800px\"><\/a><\/figure><\/div>\n\n<div id=\"sgb-css-id-22\"><h4 class=\"has-link-color wp-elements-1b11df92bec5a11faf7906b43f1a38e8 wp-block-post-title has-text-color has-sango-main-color has-small-font-size\" id=\"i-9\"><a href=\"https:\/\/www.katakori-youtsu.com\/en\/staff\/watanabe\/\" target=\"_self\">Taiji Watanabe<\/a><\/h4><\/div>\n\n<div class=\"wp-block-post-excerpt has-small-font-size\"><p class=\"wp-block-post-excerpt__excerpt\">TAIJI WATANABE Recovery from injuries Sports conditioni\u2026<\/p><p class=\"wp-block-post-excerpt__more-text\"><a class=\"wp-block-post-excerpt__more-link\" href=\"https:\/\/www.katakori-youtsu.com\/en\/staff\/watanabe\/\">Read More<\/a><\/p><\/div>\n<\/li><\/ul><\/div><\/div><\/div>\n<\/div>\n<\/div>\n<\/div>","protected":false},"excerpt":{"rendered":"<p>Directly addressing the root cause of pain Showa-era orthodox style No holding back\u2014even if it hurts Higashiyo &#8230; <\/p>\n","protected":false},"author":1,"featured_media":800,"parent":4910,"menu_order":30,"comment_status":"closed","ping_status":"closed","template":"page-forfront.php","meta":{"_locale":"en_US","_original_post":"https:\/\/www.katakori-youtsu.com\/?page_id=542","footnotes":""},"class_list":{"0":"post-6303","1":"page","2":"type-page","3":"status-publish","4":"has-post-thumbnail","6":"en-US","7":"entry"},"_links":{"self":[{"href":"https:\/\/www.katakori-youtsu.com\/wp-json\/wp\/v2\/pages\/6303","targetHints":{"allow":["GET"]}}],"collection":[{"href":"https:\/\/www.katakori-youtsu.com\/wp-json\/wp\/v2\/pages"}],"about":[{"href":"https:\/\/www.katakori-youtsu.com\/wp-json\/wp\/v2\/types\/page"}],"author":[{"embeddable":true,"href":"https:\/\/www.katakori-youtsu.com\/wp-json\/wp\/v2\/users\/1"}],"replies":[{"embeddable":true,"href":"https:\/\/www.katakori-youtsu.com\/wp-json\/wp\/v2\/comments?post=6303"}],"version-history":[{"count":3,"href":"https:\/\/www.katakori-youtsu.com\/wp-json\/wp\/v2\/pages\/6303\/revisions"}],"predecessor-version":[{"id":6773,"href":"https:\/\/www.katakori-youtsu.com\/wp-json\/wp\/v2\/pages\/6303\/revisions\/6773"}],"up":[{"embeddable":true,"href":"https:\/\/www.katakori-youtsu.com\/wp-json\/wp\/v2\/pages\/4910"}],"wp:featuredmedia":[{"embeddable":true,"href":"https:\/\/www.katakori-youtsu.com\/wp-json\/wp\/v2\/media\/800"}],"wp:attachment":[{"href":"https:\/\/www.katakori-youtsu.com\/wp-json\/wp\/v2\/media?parent=6303"}],"curies":[{"name":"wp","href":"https:\/\/api.w.org\/{rel}","templated":true}]}}